{"id":23038,"date":"2023-06-29T13:54:29","date_gmt":"2023-06-29T13:54:29","guid":{"rendered":"https:\/\/suurmond.triplehosting.nl\/brands\/"},"modified":"2025-06-03T07:33:26","modified_gmt":"2025-06-03T07:33:26","slug":"marques","status":"publish","type":"page","link":"https:\/\/www.suurmond.com\/fr\/marques\/","title":{"rendered":"Marques"},"content":{"rendered":"","protected":false},"excerpt":{"rendered":"","protected":false},"author":1,"featured_media":0,"parent":0,"menu_order":0,"comment_status":"closed","ping_status":"closed","template":"templates\/brands-overview-template.php","meta":{"_acf_changed":false,"inline_featured_image":false,"footnotes":""},"gladior_regios":[1152,1153,1154,1155,1151,1156,1157],"class_list":["post-23038","page","type-page","status-publish","hentry","gladior_regios-belgium","gladior_regios-france","gladior_regios-ireland","gladior_regios-luxembourg","gladior_regios-other","gladior_regios-the-netherlands","gladior_regios-united-kingdom"],"acf":[],"yoast_head":"<!-- This site is optimized with the Yoast SEO plugin v27.3 - https:\/\/yoast.com\/product\/yoast-seo-wordpress\/ -->\n<title>Marques | Suurmond<\/title>\n<meta name=\"description\" content=\"Notre portefeuille de produits durables et de haute qualit\u00e9 est d\u00e9di\u00e9 \u00e0 l&#039;efficacit\u00e9 de production et \u00e0 am\u00e9liorer la qualit\u00e9 du produit final. Nos partenaires s\u00e9lectionn\u00e9s ont la m\u00eame philosophie et le m\u00eame souci de qualit\u00e9 que Suurmond.\" \/>\n<meta name=\"robots\" content=\"index, follow, max-snippet:-1, max-image-preview:large, max-video-preview:-1\" \/>\n<link rel=\"canonical\" href=\"https:\/\/www.suurmond.com\/fr\/marques\/\" \/>\n<meta property=\"og:locale\" content=\"fr_FR\" \/>\n<meta property=\"og:type\" content=\"article\" \/>\n<meta property=\"og:title\" content=\"Marques | Suurmond\" \/>\n<meta property=\"og:description\" content=\"Notre portefeuille de produits durables et de haute qualit\u00e9 est d\u00e9di\u00e9 \u00e0 l&#039;efficacit\u00e9 de production et \u00e0 am\u00e9liorer la qualit\u00e9 du produit final. Nos partenaires s\u00e9lectionn\u00e9s ont la m\u00eame philosophie et le m\u00eame souci de qualit\u00e9 que Suurmond.\" \/>\n<meta property=\"og:url\" content=\"https:\/\/www.suurmond.com\/fr\/marques\/\" \/>\n<meta property=\"og:site_name\" content=\"Suurmond\" \/>\n<meta property=\"article:modified_time\" content=\"2025-06-03T07:33:26+00:00\" \/>\n<meta name=\"twitter:card\" content=\"summary_large_image\" \/>\n<script type=\"application\/ld+json\" class=\"yoast-schema-graph\">{\"@context\":\"https:\\\/\\\/schema.org\",\"@graph\":[{\"@type\":\"WebPage\",\"@id\":\"https:\\\/\\\/www.suurmond.com\\\/fr\\\/marques\\\/\",\"url\":\"https:\\\/\\\/www.suurmond.com\\\/fr\\\/marques\\\/\",\"name\":\"Marques | Suurmond\",\"isPartOf\":{\"@id\":\"https:\\\/\\\/www.suurmond.com\\\/fr\\\/#website\"},\"datePublished\":\"2023-06-29T13:54:29+00:00\",\"dateModified\":\"2025-06-03T07:33:26+00:00\",\"description\":\"Notre portefeuille de produits durables et de haute qualit\u00e9 est d\u00e9di\u00e9 \u00e0 l'efficacit\u00e9 de production et \u00e0 am\u00e9liorer la qualit\u00e9 du produit final. Nos partenaires s\u00e9lectionn\u00e9s ont la m\u00eame philosophie et le m\u00eame souci de qualit\u00e9 que Suurmond.\",\"breadcrumb\":{\"@id\":\"https:\\\/\\\/www.suurmond.com\\\/fr\\\/marques\\\/#breadcrumb\"},\"inLanguage\":\"fr-FR\",\"potentialAction\":[{\"@type\":\"ReadAction\",\"target\":[\"https:\\\/\\\/www.suurmond.com\\\/fr\\\/marques\\\/\"]}]},{\"@type\":\"BreadcrumbList\",\"@id\":\"https:\\\/\\\/www.suurmond.com\\\/fr\\\/marques\\\/#breadcrumb\",\"itemListElement\":[{\"@type\":\"ListItem\",\"position\":1,\"name\":\"Home\",\"item\":\"https:\\\/\\\/www.suurmond.com\\\/fr\\\/\"},{\"@type\":\"ListItem\",\"position\":2,\"name\":\"Marques\"}]},{\"@type\":\"WebSite\",\"@id\":\"https:\\\/\\\/www.suurmond.com\\\/fr\\\/#website\",\"url\":\"https:\\\/\\\/www.suurmond.com\\\/fr\\\/\",\"name\":\"Suurmond\",\"description\":\"Engineered solutions\",\"potentialAction\":[{\"@type\":\"SearchAction\",\"target\":{\"@type\":\"EntryPoint\",\"urlTemplate\":\"https:\\\/\\\/www.suurmond.com\\\/fr\\\/?s={search_term_string}\"},\"query-input\":{\"@type\":\"PropertyValueSpecification\",\"valueRequired\":true,\"valueName\":\"search_term_string\"}}],\"inLanguage\":\"fr-FR\"}]}<\/script>\n<!-- \/ Yoast SEO plugin. -->","yoast_head_json":{"title":"Marques | Suurmond","description":"Notre portefeuille de produits durables et de haute qualit\u00e9 est d\u00e9di\u00e9 \u00e0 l'efficacit\u00e9 de production et \u00e0 am\u00e9liorer la qualit\u00e9 du produit final. Nos partenaires s\u00e9lectionn\u00e9s ont la m\u00eame philosophie et le m\u00eame souci de qualit\u00e9 que Suurmond.","robots":{"index":"index","follow":"follow","max-snippet":"max-snippet:-1","max-image-preview":"max-image-preview:large","max-video-preview":"max-video-preview:-1"},"canonical":"https:\/\/www.suurmond.com\/fr\/marques\/","og_locale":"fr_FR","og_type":"article","og_title":"Marques | Suurmond","og_description":"Notre portefeuille de produits durables et de haute qualit\u00e9 est d\u00e9di\u00e9 \u00e0 l'efficacit\u00e9 de production et \u00e0 am\u00e9liorer la qualit\u00e9 du produit final. Nos partenaires s\u00e9lectionn\u00e9s ont la m\u00eame philosophie et le m\u00eame souci de qualit\u00e9 que Suurmond.","og_url":"https:\/\/www.suurmond.com\/fr\/marques\/","og_site_name":"Suurmond","article_modified_time":"2025-06-03T07:33:26+00:00","twitter_card":"summary_large_image","schema":{"@context":"https:\/\/schema.org","@graph":[{"@type":"WebPage","@id":"https:\/\/www.suurmond.com\/fr\/marques\/","url":"https:\/\/www.suurmond.com\/fr\/marques\/","name":"Marques | Suurmond","isPartOf":{"@id":"https:\/\/www.suurmond.com\/fr\/#website"},"datePublished":"2023-06-29T13:54:29+00:00","dateModified":"2025-06-03T07:33:26+00:00","description":"Notre portefeuille de produits durables et de haute qualit\u00e9 est d\u00e9di\u00e9 \u00e0 l'efficacit\u00e9 de production et \u00e0 am\u00e9liorer la qualit\u00e9 du produit final. Nos partenaires s\u00e9lectionn\u00e9s ont la m\u00eame philosophie et le m\u00eame souci de qualit\u00e9 que Suurmond.","breadcrumb":{"@id":"https:\/\/www.suurmond.com\/fr\/marques\/#breadcrumb"},"inLanguage":"fr-FR","potentialAction":[{"@type":"ReadAction","target":["https:\/\/www.suurmond.com\/fr\/marques\/"]}]},{"@type":"BreadcrumbList","@id":"https:\/\/www.suurmond.com\/fr\/marques\/#breadcrumb","itemListElement":[{"@type":"ListItem","position":1,"name":"Home","item":"https:\/\/www.suurmond.com\/fr\/"},{"@type":"ListItem","position":2,"name":"Marques"}]},{"@type":"WebSite","@id":"https:\/\/www.suurmond.com\/fr\/#website","url":"https:\/\/www.suurmond.com\/fr\/","name":"Suurmond","description":"Engineered solutions","potentialAction":[{"@type":"SearchAction","target":{"@type":"EntryPoint","urlTemplate":"https:\/\/www.suurmond.com\/fr\/?s={search_term_string}"},"query-input":{"@type":"PropertyValueSpecification","valueRequired":true,"valueName":"search_term_string"}}],"inLanguage":"fr-FR"}]}},"_links":{"self":[{"href":"https:\/\/www.suurmond.com\/fr\/wp-json\/wp\/v2\/pages\/23038","targetHints":{"allow":["GET"]}}],"collection":[{"href":"https:\/\/www.suurmond.com\/fr\/wp-json\/wp\/v2\/pages"}],"about":[{"href":"https:\/\/www.suurmond.com\/fr\/wp-json\/wp\/v2\/types\/page"}],"author":[{"embeddable":true,"href":"https:\/\/www.suurmond.com\/fr\/wp-json\/wp\/v2\/users\/1"}],"replies":[{"embeddable":true,"href":"https:\/\/www.suurmond.com\/fr\/wp-json\/wp\/v2\/comments?post=23038"}],"version-history":[{"count":2,"href":"https:\/\/www.suurmond.com\/fr\/wp-json\/wp\/v2\/pages\/23038\/revisions"}],"predecessor-version":[{"id":23040,"href":"https:\/\/www.suurmond.com\/fr\/wp-json\/wp\/v2\/pages\/23038\/revisions\/23040"}],"wp:attachment":[{"href":"https:\/\/www.suurmond.com\/fr\/wp-json\/wp\/v2\/media?parent=23038"}],"wp:term":[{"taxonomy":"gladior_regios","embeddable":true,"href":"https:\/\/www.suurmond.com\/fr\/wp-json\/wp\/v2\/gladior_regios?post=23038"}],"curies":[{"name":"wp","href":"https:\/\/api.w.org\/{rel}","templated":true}]}}