{"id":23055,"date":"2023-06-29T14:28:44","date_gmt":"2023-06-29T14:28:44","guid":{"rendered":"https:\/\/suurmond.triplehosting.nl\/faq-for-fluid-handling\/"},"modified":"2025-06-03T08:51:13","modified_gmt":"2025-06-03T08:51:13","slug":"faq-for-fluid-handling","status":"publish","type":"page","link":"https:\/\/www.suurmond.com\/fr\/faq-for-fluid-handling\/","title":{"rendered":"FCA Fluid Handling"},"content":{"rendered":"","protected":false},"excerpt":{"rendered":"","protected":false},"author":1,"featured_media":1662,"parent":0,"menu_order":0,"comment_status":"closed","ping_status":"closed","template":"","meta":{"_acf_changed":false,"inline_featured_image":false,"footnotes":""},"gladior_regios":[1152,1153,1154,1155,1151,1156,1157],"class_list":["post-23055","page","type-page","status-publish","has-post-thumbnail","hentry","gladior_regios-belgium","gladior_regios-france","gladior_regios-ireland","gladior_regios-luxembourg","gladior_regios-other","gladior_regios-the-netherlands","gladior_regios-united-kingdom"],"acf":[],"yoast_head":"<!-- This site is optimized with the Yoast SEO plugin v27.4 - https:\/\/yoast.com\/product\/yoast-seo-wordpress\/ -->\n<title>FCA Fluid Handling | Suurmond<\/title>\n<meta name=\"description\" content=\"Vous trouverez ici des r\u00e9ponses concernant nos solutions de traitement des fluides, telles que les pompes \u00e0 engrenages. Besoin de plus d&#039;informations ? N&#039;h\u00e9sitez pas \u00e0 nous contacter !\" \/>\n<meta name=\"robots\" content=\"index, follow, max-snippet:-1, max-image-preview:large, max-video-preview:-1\" \/>\n<link rel=\"canonical\" href=\"https:\/\/www.suurmond.com\/fr\/faq-for-fluid-handling\/\" \/>\n<meta property=\"og:locale\" content=\"fr_FR\" \/>\n<meta property=\"og:type\" content=\"article\" \/>\n<meta property=\"og:title\" content=\"FCA Fluid Handling | Suurmond\" \/>\n<meta property=\"og:description\" content=\"Vous trouverez ici des r\u00e9ponses concernant nos solutions de traitement des fluides, telles que les pompes \u00e0 engrenages. Besoin de plus d&#039;informations ? N&#039;h\u00e9sitez pas \u00e0 nous contacter !\" \/>\n<meta property=\"og:url\" content=\"https:\/\/www.suurmond.com\/fr\/faq-for-fluid-handling\/\" \/>\n<meta property=\"og:site_name\" content=\"Suurmond\" \/>\n<meta property=\"article:modified_time\" content=\"2025-06-03T08:51:13+00:00\" \/>\n<meta property=\"og:image\" content=\"https:\/\/www.suurmond.com\/wp-content\/uploads\/2020\/01\/FLUID-HANDLING-picture-1.jpg\" \/>\n\t<meta property=\"og:image:width\" content=\"1500\" \/>\n\t<meta property=\"og:image:height\" content=\"975\" \/>\n\t<meta property=\"og:image:type\" content=\"image\/jpeg\" \/>\n<meta name=\"twitter:card\" content=\"summary_large_image\" \/>\n<meta name=\"twitter:label1\" content=\"Dur\u00e9e de lecture estim\u00e9e\" \/>\n\t<meta name=\"twitter:data1\" content=\"1 minute\" \/>\n<script type=\"application\/ld+json\" class=\"yoast-schema-graph\">{\"@context\":\"https:\\\/\\\/schema.org\",\"@graph\":[{\"@type\":\"WebPage\",\"@id\":\"https:\\\/\\\/www.suurmond.com\\\/fr\\\/faq-for-fluid-handling\\\/\",\"url\":\"https:\\\/\\\/www.suurmond.com\\\/fr\\\/faq-for-fluid-handling\\\/\",\"name\":\"FCA Fluid Handling | Suurmond\",\"isPartOf\":{\"@id\":\"https:\\\/\\\/www.suurmond.com\\\/fr\\\/#website\"},\"primaryImageOfPage\":{\"@id\":\"https:\\\/\\\/www.suurmond.com\\\/fr\\\/faq-for-fluid-handling\\\/#primaryimage\"},\"image\":{\"@id\":\"https:\\\/\\\/www.suurmond.com\\\/fr\\\/faq-for-fluid-handling\\\/#primaryimage\"},\"thumbnailUrl\":\"https:\\\/\\\/www.suurmond.com\\\/wp-content\\\/uploads\\\/2020\\\/01\\\/FLUID-HANDLING-picture-1.jpg\",\"datePublished\":\"2023-06-29T14:28:44+00:00\",\"dateModified\":\"2025-06-03T08:51:13+00:00\",\"description\":\"Vous trouverez ici des r\u00e9ponses concernant nos solutions de traitement des fluides, telles que les pompes \u00e0 engrenages. Besoin de plus d'informations ? N'h\u00e9sitez pas \u00e0 nous contacter !\",\"breadcrumb\":{\"@id\":\"https:\\\/\\\/www.suurmond.com\\\/fr\\\/faq-for-fluid-handling\\\/#breadcrumb\"},\"inLanguage\":\"fr-FR\",\"potentialAction\":[{\"@type\":\"ReadAction\",\"target\":[\"https:\\\/\\\/www.suurmond.com\\\/fr\\\/faq-for-fluid-handling\\\/\"]}]},{\"@type\":\"ImageObject\",\"inLanguage\":\"fr-FR\",\"@id\":\"https:\\\/\\\/www.suurmond.com\\\/fr\\\/faq-for-fluid-handling\\\/#primaryimage\",\"url\":\"https:\\\/\\\/www.suurmond.com\\\/wp-content\\\/uploads\\\/2020\\\/01\\\/FLUID-HANDLING-picture-1.jpg\",\"contentUrl\":\"https:\\\/\\\/www.suurmond.com\\\/wp-content\\\/uploads\\\/2020\\\/01\\\/FLUID-HANDLING-picture-1.jpg\",\"width\":1500,\"height\":975,\"caption\":\"Fluid Handling\"},{\"@type\":\"BreadcrumbList\",\"@id\":\"https:\\\/\\\/www.suurmond.com\\\/fr\\\/faq-for-fluid-handling\\\/#breadcrumb\",\"itemListElement\":[{\"@type\":\"ListItem\",\"position\":1,\"name\":\"Home\",\"item\":\"https:\\\/\\\/www.suurmond.com\\\/fr\\\/\"},{\"@type\":\"ListItem\",\"position\":2,\"name\":\"FCA Fluid Handling\"}]},{\"@type\":\"WebSite\",\"@id\":\"https:\\\/\\\/www.suurmond.com\\\/fr\\\/#website\",\"url\":\"https:\\\/\\\/www.suurmond.com\\\/fr\\\/\",\"name\":\"Suurmond\",\"description\":\"Engineered solutions\",\"potentialAction\":[{\"@type\":\"SearchAction\",\"target\":{\"@type\":\"EntryPoint\",\"urlTemplate\":\"https:\\\/\\\/www.suurmond.com\\\/fr\\\/?s={search_term_string}\"},\"query-input\":{\"@type\":\"PropertyValueSpecification\",\"valueRequired\":true,\"valueName\":\"search_term_string\"}}],\"inLanguage\":\"fr-FR\"}]}<\/script>\n<!-- \/ Yoast SEO plugin. -->","yoast_head_json":{"title":"FCA Fluid Handling | Suurmond","description":"Vous trouverez ici des r\u00e9ponses concernant nos solutions de traitement des fluides, telles que les pompes \u00e0 engrenages. Besoin de plus d'informations ? N'h\u00e9sitez pas \u00e0 nous contacter !","robots":{"index":"index","follow":"follow","max-snippet":"max-snippet:-1","max-image-preview":"max-image-preview:large","max-video-preview":"max-video-preview:-1"},"canonical":"https:\/\/www.suurmond.com\/fr\/faq-for-fluid-handling\/","og_locale":"fr_FR","og_type":"article","og_title":"FCA Fluid Handling | Suurmond","og_description":"Vous trouverez ici des r\u00e9ponses concernant nos solutions de traitement des fluides, telles que les pompes \u00e0 engrenages. Besoin de plus d'informations ? N'h\u00e9sitez pas \u00e0 nous contacter !","og_url":"https:\/\/www.suurmond.com\/fr\/faq-for-fluid-handling\/","og_site_name":"Suurmond","article_modified_time":"2025-06-03T08:51:13+00:00","og_image":[{"width":1500,"height":975,"url":"https:\/\/www.suurmond.com\/wp-content\/uploads\/2020\/01\/FLUID-HANDLING-picture-1.jpg","type":"image\/jpeg"}],"twitter_card":"summary_large_image","twitter_misc":{"Dur\u00e9e de lecture estim\u00e9e":"1 minute"},"schema":{"@context":"https:\/\/schema.org","@graph":[{"@type":"WebPage","@id":"https:\/\/www.suurmond.com\/fr\/faq-for-fluid-handling\/","url":"https:\/\/www.suurmond.com\/fr\/faq-for-fluid-handling\/","name":"FCA Fluid Handling | Suurmond","isPartOf":{"@id":"https:\/\/www.suurmond.com\/fr\/#website"},"primaryImageOfPage":{"@id":"https:\/\/www.suurmond.com\/fr\/faq-for-fluid-handling\/#primaryimage"},"image":{"@id":"https:\/\/www.suurmond.com\/fr\/faq-for-fluid-handling\/#primaryimage"},"thumbnailUrl":"https:\/\/www.suurmond.com\/wp-content\/uploads\/2020\/01\/FLUID-HANDLING-picture-1.jpg","datePublished":"2023-06-29T14:28:44+00:00","dateModified":"2025-06-03T08:51:13+00:00","description":"Vous trouverez ici des r\u00e9ponses concernant nos solutions de traitement des fluides, telles que les pompes \u00e0 engrenages. Besoin de plus d'informations ? N'h\u00e9sitez pas \u00e0 nous contacter !","breadcrumb":{"@id":"https:\/\/www.suurmond.com\/fr\/faq-for-fluid-handling\/#breadcrumb"},"inLanguage":"fr-FR","potentialAction":[{"@type":"ReadAction","target":["https:\/\/www.suurmond.com\/fr\/faq-for-fluid-handling\/"]}]},{"@type":"ImageObject","inLanguage":"fr-FR","@id":"https:\/\/www.suurmond.com\/fr\/faq-for-fluid-handling\/#primaryimage","url":"https:\/\/www.suurmond.com\/wp-content\/uploads\/2020\/01\/FLUID-HANDLING-picture-1.jpg","contentUrl":"https:\/\/www.suurmond.com\/wp-content\/uploads\/2020\/01\/FLUID-HANDLING-picture-1.jpg","width":1500,"height":975,"caption":"Fluid Handling"},{"@type":"BreadcrumbList","@id":"https:\/\/www.suurmond.com\/fr\/faq-for-fluid-handling\/#breadcrumb","itemListElement":[{"@type":"ListItem","position":1,"name":"Home","item":"https:\/\/www.suurmond.com\/fr\/"},{"@type":"ListItem","position":2,"name":"FCA Fluid Handling"}]},{"@type":"WebSite","@id":"https:\/\/www.suurmond.com\/fr\/#website","url":"https:\/\/www.suurmond.com\/fr\/","name":"Suurmond","description":"Engineered solutions","potentialAction":[{"@type":"SearchAction","target":{"@type":"EntryPoint","urlTemplate":"https:\/\/www.suurmond.com\/fr\/?s={search_term_string}"},"query-input":{"@type":"PropertyValueSpecification","valueRequired":true,"valueName":"search_term_string"}}],"inLanguage":"fr-FR"}]}},"_links":{"self":[{"href":"https:\/\/www.suurmond.com\/fr\/wp-json\/wp\/v2\/pages\/23055","targetHints":{"allow":["GET"]}}],"collection":[{"href":"https:\/\/www.suurmond.com\/fr\/wp-json\/wp\/v2\/pages"}],"about":[{"href":"https:\/\/www.suurmond.com\/fr\/wp-json\/wp\/v2\/types\/page"}],"author":[{"embeddable":true,"href":"https:\/\/www.suurmond.com\/fr\/wp-json\/wp\/v2\/users\/1"}],"replies":[{"embeddable":true,"href":"https:\/\/www.suurmond.com\/fr\/wp-json\/wp\/v2\/comments?post=23055"}],"version-history":[{"count":3,"href":"https:\/\/www.suurmond.com\/fr\/wp-json\/wp\/v2\/pages\/23055\/revisions"}],"predecessor-version":[{"id":49366,"href":"https:\/\/www.suurmond.com\/fr\/wp-json\/wp\/v2\/pages\/23055\/revisions\/49366"}],"wp:featuredmedia":[{"embeddable":true,"href":"https:\/\/www.suurmond.com\/fr\/wp-json\/wp\/v2\/media\/1662"}],"wp:attachment":[{"href":"https:\/\/www.suurmond.com\/fr\/wp-json\/wp\/v2\/media?parent=23055"}],"wp:term":[{"taxonomy":"gladior_regios","embeddable":true,"href":"https:\/\/www.suurmond.com\/fr\/wp-json\/wp\/v2\/gladior_regios?post=23055"}],"curies":[{"name":"wp","href":"https:\/\/api.w.org\/{rel}","templated":true}]}}