{"id":23090,"date":"2023-06-30T09:52:49","date_gmt":"2023-06-30T09:52:49","guid":{"rendered":"https:\/\/suurmond.triplehosting.nl\/quality-management\/"},"modified":"2025-07-22T08:16:36","modified_gmt":"2025-07-22T08:16:36","slug":"quality-management","status":"publish","type":"page","link":"https:\/\/www.suurmond.com\/fr\/quality-management\/","title":{"rendered":"Gestion de la qualit\u00e9"},"content":{"rendered":"","protected":false},"excerpt":{"rendered":"","protected":false},"author":1,"featured_media":0,"parent":0,"menu_order":0,"comment_status":"closed","ping_status":"closed","template":"","meta":{"_acf_changed":false,"inline_featured_image":false,"footnotes":""},"gladior_regios":[1152,1153,1154,1155,1151,1156,1157],"class_list":["post-23090","page","type-page","status-publish","hentry","gladior_regios-belgium","gladior_regios-france","gladior_regios-ireland","gladior_regios-luxembourg","gladior_regios-other","gladior_regios-the-netherlands","gladior_regios-united-kingdom"],"acf":[],"yoast_head":"<!-- This site is optimized with the Yoast SEO plugin v27.4 - https:\/\/yoast.com\/product\/yoast-seo-wordpress\/ -->\n<title>Gestion de la qualit\u00e9 | Suurmond<\/title>\n<meta name=\"description\" content=\"Suurmond est synonyme de qualit\u00e9. Vous retrouvez cette qualit\u00e9 non seulement dans les produits et syst\u00e8mes que livre Suurmond, mais \u00e9galement au sein de son organisation.\" \/>\n<meta name=\"robots\" content=\"index, follow, max-snippet:-1, max-image-preview:large, max-video-preview:-1\" \/>\n<link rel=\"canonical\" href=\"https:\/\/www.suurmond.com\/fr\/quality-management\/\" \/>\n<meta property=\"og:locale\" content=\"fr_FR\" \/>\n<meta property=\"og:type\" content=\"article\" \/>\n<meta property=\"og:title\" content=\"Gestion de la qualit\u00e9 | Suurmond\" \/>\n<meta property=\"og:description\" content=\"Suurmond est synonyme de qualit\u00e9. Vous retrouvez cette qualit\u00e9 non seulement dans les produits et syst\u00e8mes que livre Suurmond, mais \u00e9galement au sein de son organisation.\" \/>\n<meta property=\"og:url\" content=\"https:\/\/www.suurmond.com\/fr\/quality-management\/\" \/>\n<meta property=\"og:site_name\" content=\"Suurmond\" \/>\n<meta property=\"article:modified_time\" content=\"2025-07-22T08:16:36+00:00\" \/>\n<meta name=\"twitter:card\" content=\"summary_large_image\" \/>\n<script type=\"application\/ld+json\" class=\"yoast-schema-graph\">{\"@context\":\"https:\\\/\\\/schema.org\",\"@graph\":[{\"@type\":\"WebPage\",\"@id\":\"https:\\\/\\\/www.suurmond.com\\\/fr\\\/quality-management\\\/\",\"url\":\"https:\\\/\\\/www.suurmond.com\\\/fr\\\/quality-management\\\/\",\"name\":\"Gestion de la qualit\u00e9 | Suurmond\",\"isPartOf\":{\"@id\":\"https:\\\/\\\/www.suurmond.com\\\/fr\\\/#website\"},\"datePublished\":\"2023-06-30T09:52:49+00:00\",\"dateModified\":\"2025-07-22T08:16:36+00:00\",\"description\":\"Suurmond est synonyme de qualit\u00e9. Vous retrouvez cette qualit\u00e9 non seulement dans les produits et syst\u00e8mes que livre Suurmond, mais \u00e9galement au sein de son organisation.\",\"breadcrumb\":{\"@id\":\"https:\\\/\\\/www.suurmond.com\\\/fr\\\/quality-management\\\/#breadcrumb\"},\"inLanguage\":\"fr-FR\",\"potentialAction\":[{\"@type\":\"ReadAction\",\"target\":[\"https:\\\/\\\/www.suurmond.com\\\/fr\\\/quality-management\\\/\"]}]},{\"@type\":\"BreadcrumbList\",\"@id\":\"https:\\\/\\\/www.suurmond.com\\\/fr\\\/quality-management\\\/#breadcrumb\",\"itemListElement\":[{\"@type\":\"ListItem\",\"position\":1,\"name\":\"Home\",\"item\":\"https:\\\/\\\/www.suurmond.com\\\/fr\\\/\"},{\"@type\":\"ListItem\",\"position\":2,\"name\":\"Gestion de la qualit\u00e9\"}]},{\"@type\":\"WebSite\",\"@id\":\"https:\\\/\\\/www.suurmond.com\\\/fr\\\/#website\",\"url\":\"https:\\\/\\\/www.suurmond.com\\\/fr\\\/\",\"name\":\"Suurmond\",\"description\":\"Engineered solutions\",\"potentialAction\":[{\"@type\":\"SearchAction\",\"target\":{\"@type\":\"EntryPoint\",\"urlTemplate\":\"https:\\\/\\\/www.suurmond.com\\\/fr\\\/?s={search_term_string}\"},\"query-input\":{\"@type\":\"PropertyValueSpecification\",\"valueRequired\":true,\"valueName\":\"search_term_string\"}}],\"inLanguage\":\"fr-FR\"}]}<\/script>\n<!-- \/ Yoast SEO plugin. -->","yoast_head_json":{"title":"Gestion de la qualit\u00e9 | Suurmond","description":"Suurmond est synonyme de qualit\u00e9. Vous retrouvez cette qualit\u00e9 non seulement dans les produits et syst\u00e8mes que livre Suurmond, mais \u00e9galement au sein de son organisation.","robots":{"index":"index","follow":"follow","max-snippet":"max-snippet:-1","max-image-preview":"max-image-preview:large","max-video-preview":"max-video-preview:-1"},"canonical":"https:\/\/www.suurmond.com\/fr\/quality-management\/","og_locale":"fr_FR","og_type":"article","og_title":"Gestion de la qualit\u00e9 | Suurmond","og_description":"Suurmond est synonyme de qualit\u00e9. Vous retrouvez cette qualit\u00e9 non seulement dans les produits et syst\u00e8mes que livre Suurmond, mais \u00e9galement au sein de son organisation.","og_url":"https:\/\/www.suurmond.com\/fr\/quality-management\/","og_site_name":"Suurmond","article_modified_time":"2025-07-22T08:16:36+00:00","twitter_card":"summary_large_image","schema":{"@context":"https:\/\/schema.org","@graph":[{"@type":"WebPage","@id":"https:\/\/www.suurmond.com\/fr\/quality-management\/","url":"https:\/\/www.suurmond.com\/fr\/quality-management\/","name":"Gestion de la qualit\u00e9 | Suurmond","isPartOf":{"@id":"https:\/\/www.suurmond.com\/fr\/#website"},"datePublished":"2023-06-30T09:52:49+00:00","dateModified":"2025-07-22T08:16:36+00:00","description":"Suurmond est synonyme de qualit\u00e9. Vous retrouvez cette qualit\u00e9 non seulement dans les produits et syst\u00e8mes que livre Suurmond, mais \u00e9galement au sein de son organisation.","breadcrumb":{"@id":"https:\/\/www.suurmond.com\/fr\/quality-management\/#breadcrumb"},"inLanguage":"fr-FR","potentialAction":[{"@type":"ReadAction","target":["https:\/\/www.suurmond.com\/fr\/quality-management\/"]}]},{"@type":"BreadcrumbList","@id":"https:\/\/www.suurmond.com\/fr\/quality-management\/#breadcrumb","itemListElement":[{"@type":"ListItem","position":1,"name":"Home","item":"https:\/\/www.suurmond.com\/fr\/"},{"@type":"ListItem","position":2,"name":"Gestion de la qualit\u00e9"}]},{"@type":"WebSite","@id":"https:\/\/www.suurmond.com\/fr\/#website","url":"https:\/\/www.suurmond.com\/fr\/","name":"Suurmond","description":"Engineered solutions","potentialAction":[{"@type":"SearchAction","target":{"@type":"EntryPoint","urlTemplate":"https:\/\/www.suurmond.com\/fr\/?s={search_term_string}"},"query-input":{"@type":"PropertyValueSpecification","valueRequired":true,"valueName":"search_term_string"}}],"inLanguage":"fr-FR"}]}},"_links":{"self":[{"href":"https:\/\/www.suurmond.com\/fr\/wp-json\/wp\/v2\/pages\/23090","targetHints":{"allow":["GET"]}}],"collection":[{"href":"https:\/\/www.suurmond.com\/fr\/wp-json\/wp\/v2\/pages"}],"about":[{"href":"https:\/\/www.suurmond.com\/fr\/wp-json\/wp\/v2\/types\/page"}],"author":[{"embeddable":true,"href":"https:\/\/www.suurmond.com\/fr\/wp-json\/wp\/v2\/users\/1"}],"replies":[{"embeddable":true,"href":"https:\/\/www.suurmond.com\/fr\/wp-json\/wp\/v2\/comments?post=23090"}],"version-history":[{"count":4,"href":"https:\/\/www.suurmond.com\/fr\/wp-json\/wp\/v2\/pages\/23090\/revisions"}],"predecessor-version":[{"id":60669,"href":"https:\/\/www.suurmond.com\/fr\/wp-json\/wp\/v2\/pages\/23090\/revisions\/60669"}],"wp:attachment":[{"href":"https:\/\/www.suurmond.com\/fr\/wp-json\/wp\/v2\/media?parent=23090"}],"wp:term":[{"taxonomy":"gladior_regios","embeddable":true,"href":"https:\/\/www.suurmond.com\/fr\/wp-json\/wp\/v2\/gladior_regios?post=23090"}],"curies":[{"name":"wp","href":"https:\/\/api.w.org\/{rel}","templated":true}]}}