{"id":23095,"date":"2023-07-03T09:05:39","date_gmt":"2023-07-03T09:05:39","guid":{"rendered":"https:\/\/suurmond.triplehosting.nl\/sustainability\/"},"modified":"2025-06-03T12:00:27","modified_gmt":"2025-06-03T12:00:27","slug":"sustainability","status":"publish","type":"page","link":"https:\/\/www.suurmond.com\/fr\/sustainability\/","title":{"rendered":"Durabilit\u00e9"},"content":{"rendered":"","protected":false},"excerpt":{"rendered":"","protected":false},"author":1,"featured_media":15566,"parent":0,"menu_order":0,"comment_status":"closed","ping_status":"closed","template":"","meta":{"_acf_changed":false,"inline_featured_image":false,"footnotes":""},"gladior_regios":[1152,1153,1154,1155,1151,1156,1157],"class_list":["post-23095","page","type-page","status-publish","has-post-thumbnail","hentry","gladior_regios-belgium","gladior_regios-france","gladior_regios-ireland","gladior_regios-luxembourg","gladior_regios-other","gladior_regios-the-netherlands","gladior_regios-united-kingdom"],"acf":[],"yoast_head":"<!-- This site is optimized with the Yoast SEO plugin v27.4 - https:\/\/yoast.com\/product\/yoast-seo-wordpress\/ -->\n<title>Durabilit\u00e9 | Suurmond<\/title>\n<meta name=\"description\" content=\"D\u00e8s la fondation de notre entreprise en 1974 dans un souci de durabilit\u00e9, Suurmond a fait des choix d\u00e9lib\u00e9r\u00e9s dans la m\u00e9thode de travail, dans les produits et les solutions que nous offrons, ainsi que dans l\u2019utilisation de mat\u00e9riaux.\" \/>\n<meta name=\"robots\" content=\"index, follow, max-snippet:-1, max-image-preview:large, max-video-preview:-1\" \/>\n<link rel=\"canonical\" href=\"https:\/\/www.suurmond.com\/fr\/sustainability\/\" \/>\n<meta property=\"og:locale\" content=\"fr_FR\" \/>\n<meta property=\"og:type\" content=\"article\" \/>\n<meta property=\"og:title\" content=\"Durabilit\u00e9 | Suurmond\" \/>\n<meta property=\"og:description\" content=\"D\u00e8s la fondation de notre entreprise en 1974 dans un souci de durabilit\u00e9, Suurmond a fait des choix d\u00e9lib\u00e9r\u00e9s dans la m\u00e9thode de travail, dans les produits et les solutions que nous offrons, ainsi que dans l\u2019utilisation de mat\u00e9riaux.\" \/>\n<meta property=\"og:url\" content=\"https:\/\/www.suurmond.com\/fr\/sustainability\/\" \/>\n<meta property=\"og:site_name\" content=\"Suurmond\" \/>\n<meta property=\"article:modified_time\" content=\"2025-06-03T12:00:27+00:00\" \/>\n<meta property=\"og:image\" content=\"https:\/\/www.suurmond.com\/wp-content\/uploads\/2021\/04\/Sustainability-CO2-compensation-projects-1.png\" \/>\n\t<meta property=\"og:image:width\" content=\"731\" \/>\n\t<meta property=\"og:image:height\" content=\"575\" \/>\n\t<meta property=\"og:image:type\" content=\"image\/png\" \/>\n<meta name=\"twitter:card\" content=\"summary_large_image\" \/>\n<meta name=\"twitter:label1\" content=\"Dur\u00e9e de lecture estim\u00e9e\" \/>\n\t<meta name=\"twitter:data1\" content=\"1 minute\" \/>\n<script type=\"application\/ld+json\" class=\"yoast-schema-graph\">{\"@context\":\"https:\\\/\\\/schema.org\",\"@graph\":[{\"@type\":\"WebPage\",\"@id\":\"https:\\\/\\\/www.suurmond.com\\\/fr\\\/sustainability\\\/\",\"url\":\"https:\\\/\\\/www.suurmond.com\\\/fr\\\/sustainability\\\/\",\"name\":\"Durabilit\u00e9 | Suurmond\",\"isPartOf\":{\"@id\":\"https:\\\/\\\/www.suurmond.com\\\/fr\\\/#website\"},\"primaryImageOfPage\":{\"@id\":\"https:\\\/\\\/www.suurmond.com\\\/fr\\\/sustainability\\\/#primaryimage\"},\"image\":{\"@id\":\"https:\\\/\\\/www.suurmond.com\\\/fr\\\/sustainability\\\/#primaryimage\"},\"thumbnailUrl\":\"https:\\\/\\\/www.suurmond.com\\\/wp-content\\\/uploads\\\/2021\\\/04\\\/Sustainability-CO2-compensation-projects-1.png\",\"datePublished\":\"2023-07-03T09:05:39+00:00\",\"dateModified\":\"2025-06-03T12:00:27+00:00\",\"description\":\"D\u00e8s la fondation de notre entreprise en 1974 dans un souci de durabilit\u00e9, Suurmond a fait des choix d\u00e9lib\u00e9r\u00e9s dans la m\u00e9thode de travail, dans les produits et les solutions que nous offrons, ainsi que dans l\u2019utilisation de mat\u00e9riaux.\",\"breadcrumb\":{\"@id\":\"https:\\\/\\\/www.suurmond.com\\\/fr\\\/sustainability\\\/#breadcrumb\"},\"inLanguage\":\"fr-FR\",\"potentialAction\":[{\"@type\":\"ReadAction\",\"target\":[\"https:\\\/\\\/www.suurmond.com\\\/fr\\\/sustainability\\\/\"]}]},{\"@type\":\"ImageObject\",\"inLanguage\":\"fr-FR\",\"@id\":\"https:\\\/\\\/www.suurmond.com\\\/fr\\\/sustainability\\\/#primaryimage\",\"url\":\"https:\\\/\\\/www.suurmond.com\\\/wp-content\\\/uploads\\\/2021\\\/04\\\/Sustainability-CO2-compensation-projects-1.png\",\"contentUrl\":\"https:\\\/\\\/www.suurmond.com\\\/wp-content\\\/uploads\\\/2021\\\/04\\\/Sustainability-CO2-compensation-projects-1.png\",\"width\":731,\"height\":575,\"caption\":\"Suurmond supports 3 organisations to compensate for our CO2 emissions.\"},{\"@type\":\"BreadcrumbList\",\"@id\":\"https:\\\/\\\/www.suurmond.com\\\/fr\\\/sustainability\\\/#breadcrumb\",\"itemListElement\":[{\"@type\":\"ListItem\",\"position\":1,\"name\":\"Home\",\"item\":\"https:\\\/\\\/www.suurmond.com\\\/fr\\\/\"},{\"@type\":\"ListItem\",\"position\":2,\"name\":\"Durabilit\u00e9\"}]},{\"@type\":\"WebSite\",\"@id\":\"https:\\\/\\\/www.suurmond.com\\\/fr\\\/#website\",\"url\":\"https:\\\/\\\/www.suurmond.com\\\/fr\\\/\",\"name\":\"Suurmond\",\"description\":\"Engineered solutions\",\"potentialAction\":[{\"@type\":\"SearchAction\",\"target\":{\"@type\":\"EntryPoint\",\"urlTemplate\":\"https:\\\/\\\/www.suurmond.com\\\/fr\\\/?s={search_term_string}\"},\"query-input\":{\"@type\":\"PropertyValueSpecification\",\"valueRequired\":true,\"valueName\":\"search_term_string\"}}],\"inLanguage\":\"fr-FR\"}]}<\/script>\n<!-- \/ Yoast SEO plugin. -->","yoast_head_json":{"title":"Durabilit\u00e9 | Suurmond","description":"D\u00e8s la fondation de notre entreprise en 1974 dans un souci de durabilit\u00e9, Suurmond a fait des choix d\u00e9lib\u00e9r\u00e9s dans la m\u00e9thode de travail, dans les produits et les solutions que nous offrons, ainsi que dans l\u2019utilisation de mat\u00e9riaux.","robots":{"index":"index","follow":"follow","max-snippet":"max-snippet:-1","max-image-preview":"max-image-preview:large","max-video-preview":"max-video-preview:-1"},"canonical":"https:\/\/www.suurmond.com\/fr\/sustainability\/","og_locale":"fr_FR","og_type":"article","og_title":"Durabilit\u00e9 | Suurmond","og_description":"D\u00e8s la fondation de notre entreprise en 1974 dans un souci de durabilit\u00e9, Suurmond a fait des choix d\u00e9lib\u00e9r\u00e9s dans la m\u00e9thode de travail, dans les produits et les solutions que nous offrons, ainsi que dans l\u2019utilisation de mat\u00e9riaux.","og_url":"https:\/\/www.suurmond.com\/fr\/sustainability\/","og_site_name":"Suurmond","article_modified_time":"2025-06-03T12:00:27+00:00","og_image":[{"width":731,"height":575,"url":"https:\/\/www.suurmond.com\/wp-content\/uploads\/2021\/04\/Sustainability-CO2-compensation-projects-1.png","type":"image\/png"}],"twitter_card":"summary_large_image","twitter_misc":{"Dur\u00e9e de lecture estim\u00e9e":"1 minute"},"schema":{"@context":"https:\/\/schema.org","@graph":[{"@type":"WebPage","@id":"https:\/\/www.suurmond.com\/fr\/sustainability\/","url":"https:\/\/www.suurmond.com\/fr\/sustainability\/","name":"Durabilit\u00e9 | Suurmond","isPartOf":{"@id":"https:\/\/www.suurmond.com\/fr\/#website"},"primaryImageOfPage":{"@id":"https:\/\/www.suurmond.com\/fr\/sustainability\/#primaryimage"},"image":{"@id":"https:\/\/www.suurmond.com\/fr\/sustainability\/#primaryimage"},"thumbnailUrl":"https:\/\/www.suurmond.com\/wp-content\/uploads\/2021\/04\/Sustainability-CO2-compensation-projects-1.png","datePublished":"2023-07-03T09:05:39+00:00","dateModified":"2025-06-03T12:00:27+00:00","description":"D\u00e8s la fondation de notre entreprise en 1974 dans un souci de durabilit\u00e9, Suurmond a fait des choix d\u00e9lib\u00e9r\u00e9s dans la m\u00e9thode de travail, dans les produits et les solutions que nous offrons, ainsi que dans l\u2019utilisation de mat\u00e9riaux.","breadcrumb":{"@id":"https:\/\/www.suurmond.com\/fr\/sustainability\/#breadcrumb"},"inLanguage":"fr-FR","potentialAction":[{"@type":"ReadAction","target":["https:\/\/www.suurmond.com\/fr\/sustainability\/"]}]},{"@type":"ImageObject","inLanguage":"fr-FR","@id":"https:\/\/www.suurmond.com\/fr\/sustainability\/#primaryimage","url":"https:\/\/www.suurmond.com\/wp-content\/uploads\/2021\/04\/Sustainability-CO2-compensation-projects-1.png","contentUrl":"https:\/\/www.suurmond.com\/wp-content\/uploads\/2021\/04\/Sustainability-CO2-compensation-projects-1.png","width":731,"height":575,"caption":"Suurmond supports 3 organisations to compensate for our CO2 emissions."},{"@type":"BreadcrumbList","@id":"https:\/\/www.suurmond.com\/fr\/sustainability\/#breadcrumb","itemListElement":[{"@type":"ListItem","position":1,"name":"Home","item":"https:\/\/www.suurmond.com\/fr\/"},{"@type":"ListItem","position":2,"name":"Durabilit\u00e9"}]},{"@type":"WebSite","@id":"https:\/\/www.suurmond.com\/fr\/#website","url":"https:\/\/www.suurmond.com\/fr\/","name":"Suurmond","description":"Engineered solutions","potentialAction":[{"@type":"SearchAction","target":{"@type":"EntryPoint","urlTemplate":"https:\/\/www.suurmond.com\/fr\/?s={search_term_string}"},"query-input":{"@type":"PropertyValueSpecification","valueRequired":true,"valueName":"search_term_string"}}],"inLanguage":"fr-FR"}]}},"_links":{"self":[{"href":"https:\/\/www.suurmond.com\/fr\/wp-json\/wp\/v2\/pages\/23095","targetHints":{"allow":["GET"]}}],"collection":[{"href":"https:\/\/www.suurmond.com\/fr\/wp-json\/wp\/v2\/pages"}],"about":[{"href":"https:\/\/www.suurmond.com\/fr\/wp-json\/wp\/v2\/types\/page"}],"author":[{"embeddable":true,"href":"https:\/\/www.suurmond.com\/fr\/wp-json\/wp\/v2\/users\/1"}],"replies":[{"embeddable":true,"href":"https:\/\/www.suurmond.com\/fr\/wp-json\/wp\/v2\/comments?post=23095"}],"version-history":[{"count":3,"href":"https:\/\/www.suurmond.com\/fr\/wp-json\/wp\/v2\/pages\/23095\/revisions"}],"predecessor-version":[{"id":32911,"href":"https:\/\/www.suurmond.com\/fr\/wp-json\/wp\/v2\/pages\/23095\/revisions\/32911"}],"wp:featuredmedia":[{"embeddable":true,"href":"https:\/\/www.suurmond.com\/fr\/wp-json\/wp\/v2\/media\/15566"}],"wp:attachment":[{"href":"https:\/\/www.suurmond.com\/fr\/wp-json\/wp\/v2\/media?parent=23095"}],"wp:term":[{"taxonomy":"gladior_regios","embeddable":true,"href":"https:\/\/www.suurmond.com\/fr\/wp-json\/wp\/v2\/gladior_regios?post=23095"}],"curies":[{"name":"wp","href":"https:\/\/api.w.org\/{rel}","templated":true}]}}