{"id":23104,"date":"2023-07-04T11:56:25","date_gmt":"2023-07-04T11:56:25","guid":{"rendered":"https:\/\/suurmond.triplehosting.nl\/team-suurmond\/"},"modified":"2025-06-03T12:08:39","modified_gmt":"2025-06-03T12:08:39","slug":"team-suurmond","status":"publish","type":"page","link":"https:\/\/www.suurmond.com\/fr\/team-suurmond\/","title":{"rendered":"L&rsquo;\u00e9quipe Suurmond"},"content":{"rendered":"","protected":false},"excerpt":{"rendered":"","protected":false},"author":1,"featured_media":3128,"parent":0,"menu_order":0,"comment_status":"closed","ping_status":"closed","template":"templates\/team-overview-template.php","meta":{"_acf_changed":false,"inline_featured_image":false,"footnotes":""},"gladior_regios":[1152,1153,1154,1155,1151,1156,1157],"class_list":["post-23104","page","type-page","status-publish","has-post-thumbnail","hentry","gladior_regios-belgium","gladior_regios-france","gladior_regios-ireland","gladior_regios-luxembourg","gladior_regios-other","gladior_regios-the-netherlands","gladior_regios-united-kingdom"],"acf":[],"yoast_head":"<!-- This site is optimized with the Yoast SEO plugin v27.4 - https:\/\/yoast.com\/product\/yoast-seo-wordpress\/ -->\n<title>L&#039;\u00e9quipe Suurmond | Suurmond<\/title>\n<meta name=\"description\" content=\"Tous les projets sont un travail d&#039;\u00e9quipe! D\u00e9couvrez les \u00e9quipes de Suurmond ici.\" \/>\n<meta name=\"robots\" content=\"index, follow, max-snippet:-1, max-image-preview:large, max-video-preview:-1\" \/>\n<link rel=\"canonical\" href=\"https:\/\/www.suurmond.com\/fr\/team-suurmond\/\" \/>\n<meta property=\"og:locale\" content=\"fr_FR\" \/>\n<meta property=\"og:type\" content=\"article\" \/>\n<meta property=\"og:title\" content=\"L&#039;\u00e9quipe Suurmond | Suurmond\" \/>\n<meta property=\"og:description\" content=\"Tous les projets sont un travail d&#039;\u00e9quipe! D\u00e9couvrez les \u00e9quipes de Suurmond ici.\" \/>\n<meta property=\"og:url\" content=\"https:\/\/www.suurmond.com\/fr\/team-suurmond\/\" \/>\n<meta property=\"og:site_name\" content=\"Suurmond\" \/>\n<meta property=\"article:modified_time\" content=\"2025-06-03T12:08:39+00:00\" \/>\n<meta property=\"og:image\" content=\"https:\/\/www.suurmond.com\/wp-content\/uploads\/2020\/05\/suurmond-teampage-english.png\" \/>\n\t<meta property=\"og:image:width\" content=\"1160\" \/>\n\t<meta property=\"og:image:height\" content=\"1225\" \/>\n\t<meta property=\"og:image:type\" content=\"image\/png\" \/>\n<meta name=\"twitter:card\" content=\"summary_large_image\" \/>\n<meta name=\"twitter:label1\" content=\"Dur\u00e9e de lecture estim\u00e9e\" \/>\n\t<meta name=\"twitter:data1\" content=\"1 minute\" \/>\n<script type=\"application\/ld+json\" class=\"yoast-schema-graph\">{\"@context\":\"https:\\\/\\\/schema.org\",\"@graph\":[{\"@type\":\"WebPage\",\"@id\":\"https:\\\/\\\/www.suurmond.com\\\/fr\\\/team-suurmond\\\/\",\"url\":\"https:\\\/\\\/www.suurmond.com\\\/fr\\\/team-suurmond\\\/\",\"name\":\"L'\u00e9quipe Suurmond | Suurmond\",\"isPartOf\":{\"@id\":\"https:\\\/\\\/www.suurmond.com\\\/fr\\\/#website\"},\"primaryImageOfPage\":{\"@id\":\"https:\\\/\\\/www.suurmond.com\\\/fr\\\/team-suurmond\\\/#primaryimage\"},\"image\":{\"@id\":\"https:\\\/\\\/www.suurmond.com\\\/fr\\\/team-suurmond\\\/#primaryimage\"},\"thumbnailUrl\":\"https:\\\/\\\/www.suurmond.com\\\/wp-content\\\/uploads\\\/2020\\\/05\\\/suurmond-teampage-english.png\",\"datePublished\":\"2023-07-04T11:56:25+00:00\",\"dateModified\":\"2025-06-03T12:08:39+00:00\",\"description\":\"Tous les projets sont un travail d'\u00e9quipe! D\u00e9couvrez les \u00e9quipes de Suurmond ici.\",\"breadcrumb\":{\"@id\":\"https:\\\/\\\/www.suurmond.com\\\/fr\\\/team-suurmond\\\/#breadcrumb\"},\"inLanguage\":\"fr-FR\",\"potentialAction\":[{\"@type\":\"ReadAction\",\"target\":[\"https:\\\/\\\/www.suurmond.com\\\/fr\\\/team-suurmond\\\/\"]}]},{\"@type\":\"ImageObject\",\"inLanguage\":\"fr-FR\",\"@id\":\"https:\\\/\\\/www.suurmond.com\\\/fr\\\/team-suurmond\\\/#primaryimage\",\"url\":\"https:\\\/\\\/www.suurmond.com\\\/wp-content\\\/uploads\\\/2020\\\/05\\\/suurmond-teampage-english.png\",\"contentUrl\":\"https:\\\/\\\/www.suurmond.com\\\/wp-content\\\/uploads\\\/2020\\\/05\\\/suurmond-teampage-english.png\",\"width\":1160,\"height\":1225,\"caption\":\"suurmond teampage english\"},{\"@type\":\"BreadcrumbList\",\"@id\":\"https:\\\/\\\/www.suurmond.com\\\/fr\\\/team-suurmond\\\/#breadcrumb\",\"itemListElement\":[{\"@type\":\"ListItem\",\"position\":1,\"name\":\"Home\",\"item\":\"https:\\\/\\\/www.suurmond.com\\\/fr\\\/\"},{\"@type\":\"ListItem\",\"position\":2,\"name\":\"L&#8217;\u00e9quipe Suurmond\"}]},{\"@type\":\"WebSite\",\"@id\":\"https:\\\/\\\/www.suurmond.com\\\/fr\\\/#website\",\"url\":\"https:\\\/\\\/www.suurmond.com\\\/fr\\\/\",\"name\":\"Suurmond\",\"description\":\"Engineered solutions\",\"potentialAction\":[{\"@type\":\"SearchAction\",\"target\":{\"@type\":\"EntryPoint\",\"urlTemplate\":\"https:\\\/\\\/www.suurmond.com\\\/fr\\\/?s={search_term_string}\"},\"query-input\":{\"@type\":\"PropertyValueSpecification\",\"valueRequired\":true,\"valueName\":\"search_term_string\"}}],\"inLanguage\":\"fr-FR\"}]}<\/script>\n<!-- \/ Yoast SEO plugin. -->","yoast_head_json":{"title":"L'\u00e9quipe Suurmond | Suurmond","description":"Tous les projets sont un travail d'\u00e9quipe! D\u00e9couvrez les \u00e9quipes de Suurmond ici.","robots":{"index":"index","follow":"follow","max-snippet":"max-snippet:-1","max-image-preview":"max-image-preview:large","max-video-preview":"max-video-preview:-1"},"canonical":"https:\/\/www.suurmond.com\/fr\/team-suurmond\/","og_locale":"fr_FR","og_type":"article","og_title":"L'\u00e9quipe Suurmond | Suurmond","og_description":"Tous les projets sont un travail d'\u00e9quipe! D\u00e9couvrez les \u00e9quipes de Suurmond ici.","og_url":"https:\/\/www.suurmond.com\/fr\/team-suurmond\/","og_site_name":"Suurmond","article_modified_time":"2025-06-03T12:08:39+00:00","og_image":[{"width":1160,"height":1225,"url":"https:\/\/www.suurmond.com\/wp-content\/uploads\/2020\/05\/suurmond-teampage-english.png","type":"image\/png"}],"twitter_card":"summary_large_image","twitter_misc":{"Dur\u00e9e de lecture estim\u00e9e":"1 minute"},"schema":{"@context":"https:\/\/schema.org","@graph":[{"@type":"WebPage","@id":"https:\/\/www.suurmond.com\/fr\/team-suurmond\/","url":"https:\/\/www.suurmond.com\/fr\/team-suurmond\/","name":"L'\u00e9quipe Suurmond | Suurmond","isPartOf":{"@id":"https:\/\/www.suurmond.com\/fr\/#website"},"primaryImageOfPage":{"@id":"https:\/\/www.suurmond.com\/fr\/team-suurmond\/#primaryimage"},"image":{"@id":"https:\/\/www.suurmond.com\/fr\/team-suurmond\/#primaryimage"},"thumbnailUrl":"https:\/\/www.suurmond.com\/wp-content\/uploads\/2020\/05\/suurmond-teampage-english.png","datePublished":"2023-07-04T11:56:25+00:00","dateModified":"2025-06-03T12:08:39+00:00","description":"Tous les projets sont un travail d'\u00e9quipe! D\u00e9couvrez les \u00e9quipes de Suurmond ici.","breadcrumb":{"@id":"https:\/\/www.suurmond.com\/fr\/team-suurmond\/#breadcrumb"},"inLanguage":"fr-FR","potentialAction":[{"@type":"ReadAction","target":["https:\/\/www.suurmond.com\/fr\/team-suurmond\/"]}]},{"@type":"ImageObject","inLanguage":"fr-FR","@id":"https:\/\/www.suurmond.com\/fr\/team-suurmond\/#primaryimage","url":"https:\/\/www.suurmond.com\/wp-content\/uploads\/2020\/05\/suurmond-teampage-english.png","contentUrl":"https:\/\/www.suurmond.com\/wp-content\/uploads\/2020\/05\/suurmond-teampage-english.png","width":1160,"height":1225,"caption":"suurmond teampage english"},{"@type":"BreadcrumbList","@id":"https:\/\/www.suurmond.com\/fr\/team-suurmond\/#breadcrumb","itemListElement":[{"@type":"ListItem","position":1,"name":"Home","item":"https:\/\/www.suurmond.com\/fr\/"},{"@type":"ListItem","position":2,"name":"L&#8217;\u00e9quipe Suurmond"}]},{"@type":"WebSite","@id":"https:\/\/www.suurmond.com\/fr\/#website","url":"https:\/\/www.suurmond.com\/fr\/","name":"Suurmond","description":"Engineered solutions","potentialAction":[{"@type":"SearchAction","target":{"@type":"EntryPoint","urlTemplate":"https:\/\/www.suurmond.com\/fr\/?s={search_term_string}"},"query-input":{"@type":"PropertyValueSpecification","valueRequired":true,"valueName":"search_term_string"}}],"inLanguage":"fr-FR"}]}},"_links":{"self":[{"href":"https:\/\/www.suurmond.com\/fr\/wp-json\/wp\/v2\/pages\/23104","targetHints":{"allow":["GET"]}}],"collection":[{"href":"https:\/\/www.suurmond.com\/fr\/wp-json\/wp\/v2\/pages"}],"about":[{"href":"https:\/\/www.suurmond.com\/fr\/wp-json\/wp\/v2\/types\/page"}],"author":[{"embeddable":true,"href":"https:\/\/www.suurmond.com\/fr\/wp-json\/wp\/v2\/users\/1"}],"replies":[{"embeddable":true,"href":"https:\/\/www.suurmond.com\/fr\/wp-json\/wp\/v2\/comments?post=23104"}],"version-history":[{"count":7,"href":"https:\/\/www.suurmond.com\/fr\/wp-json\/wp\/v2\/pages\/23104\/revisions"}],"predecessor-version":[{"id":41744,"href":"https:\/\/www.suurmond.com\/fr\/wp-json\/wp\/v2\/pages\/23104\/revisions\/41744"}],"wp:featuredmedia":[{"embeddable":true,"href":"https:\/\/www.suurmond.com\/fr\/wp-json\/wp\/v2\/media\/3128"}],"wp:attachment":[{"href":"https:\/\/www.suurmond.com\/fr\/wp-json\/wp\/v2\/media?parent=23104"}],"wp:term":[{"taxonomy":"gladior_regios","embeddable":true,"href":"https:\/\/www.suurmond.com\/fr\/wp-json\/wp\/v2\/gladior_regios?post=23104"}],"curies":[{"name":"wp","href":"https:\/\/api.w.org\/{rel}","templated":true}]}}