{"id":23121,"date":"2023-07-03T08:53:33","date_gmt":"2023-07-03T08:53:33","guid":{"rendered":"https:\/\/suurmond.triplehosting.nl\/polymer-handling\/"},"modified":"2025-06-03T11:28:55","modified_gmt":"2025-06-03T11:28:55","slug":"polymer-handling","status":"publish","type":"page","link":"https:\/\/www.suurmond.com\/fr\/polymer-handling\/","title":{"rendered":"Polymer Handling"},"content":{"rendered":"","protected":false},"excerpt":{"rendered":"","protected":false},"author":1,"featured_media":713,"parent":0,"menu_order":0,"comment_status":"closed","ping_status":"closed","template":"","meta":{"_acf_changed":false,"inline_featured_image":false,"footnotes":""},"gladior_regios":[1152,1154,1155,1151,1156,1157],"class_list":["post-23121","page","type-page","status-publish","has-post-thumbnail","hentry","gladior_regios-belgium","gladior_regios-ireland","gladior_regios-luxembourg","gladior_regios-other","gladior_regios-the-netherlands","gladior_regios-united-kingdom"],"acf":[],"yoast_head":"<!-- This site is optimized with the Yoast SEO plugin v27.4 - https:\/\/yoast.com\/product\/yoast-seo-wordpress\/ -->\n<title>Polym\u00e8re de qualit\u00e9 sup\u00e9rieure | Suurmond<\/title>\n<meta name=\"description\" content=\"Nos solutions de traitement des polym\u00e8res comprennent des pompes \u00e0 engrenages, des syst\u00e8mes de filtration et bien plus encore pour les m\u00e9langes-ma\u00eetres, le compoundage, le recyclage, l&#039;extrusion et la production de polym\u00e8res.\" \/>\n<meta name=\"robots\" content=\"index, follow, max-snippet:-1, max-image-preview:large, max-video-preview:-1\" \/>\n<link rel=\"canonical\" href=\"https:\/\/www.suurmond.com\/fr\/polymer-handling\/\" \/>\n<meta property=\"og:locale\" content=\"fr_FR\" \/>\n<meta property=\"og:type\" content=\"article\" \/>\n<meta property=\"og:title\" content=\"Polym\u00e8re de qualit\u00e9 sup\u00e9rieure | Suurmond\" \/>\n<meta property=\"og:description\" content=\"Nos solutions de traitement des polym\u00e8res comprennent des pompes \u00e0 engrenages, des syst\u00e8mes de filtration et bien plus encore pour les m\u00e9langes-ma\u00eetres, le compoundage, le recyclage, l&#039;extrusion et la production de polym\u00e8res.\" \/>\n<meta property=\"og:url\" content=\"https:\/\/www.suurmond.com\/fr\/polymer-handling\/\" \/>\n<meta property=\"og:site_name\" content=\"Suurmond\" \/>\n<meta property=\"article:modified_time\" content=\"2025-06-03T11:28:55+00:00\" \/>\n<meta property=\"og:image\" content=\"https:\/\/www.suurmond.com\/wp-content\/uploads\/2020\/02\/polyrex6.jpg\" \/>\n\t<meta property=\"og:image:width\" content=\"200\" \/>\n\t<meta property=\"og:image:height\" content=\"200\" \/>\n\t<meta property=\"og:image:type\" content=\"image\/jpeg\" \/>\n<meta name=\"twitter:card\" content=\"summary_large_image\" \/>\n<meta name=\"twitter:label1\" content=\"Dur\u00e9e de lecture estim\u00e9e\" \/>\n\t<meta name=\"twitter:data1\" content=\"1 minute\" \/>\n<script type=\"application\/ld+json\" class=\"yoast-schema-graph\">{\"@context\":\"https:\\\/\\\/schema.org\",\"@graph\":[{\"@type\":\"WebPage\",\"@id\":\"https:\\\/\\\/www.suurmond.com\\\/fr\\\/polymer-handling\\\/\",\"url\":\"https:\\\/\\\/www.suurmond.com\\\/fr\\\/polymer-handling\\\/\",\"name\":\"Polym\u00e8re de qualit\u00e9 sup\u00e9rieure | Suurmond\",\"isPartOf\":{\"@id\":\"https:\\\/\\\/www.suurmond.com\\\/fr\\\/#website\"},\"primaryImageOfPage\":{\"@id\":\"https:\\\/\\\/www.suurmond.com\\\/fr\\\/polymer-handling\\\/#primaryimage\"},\"image\":{\"@id\":\"https:\\\/\\\/www.suurmond.com\\\/fr\\\/polymer-handling\\\/#primaryimage\"},\"thumbnailUrl\":\"https:\\\/\\\/www.suurmond.com\\\/wp-content\\\/uploads\\\/2020\\\/02\\\/polyrex6.jpg\",\"datePublished\":\"2023-07-03T08:53:33+00:00\",\"dateModified\":\"2025-06-03T11:28:55+00:00\",\"description\":\"Nos solutions de traitement des polym\u00e8res comprennent des pompes \u00e0 engrenages, des syst\u00e8mes de filtration et bien plus encore pour les m\u00e9langes-ma\u00eetres, le compoundage, le recyclage, l'extrusion et la production de polym\u00e8res.\",\"breadcrumb\":{\"@id\":\"https:\\\/\\\/www.suurmond.com\\\/fr\\\/polymer-handling\\\/#breadcrumb\"},\"inLanguage\":\"fr-FR\",\"potentialAction\":[{\"@type\":\"ReadAction\",\"target\":[\"https:\\\/\\\/www.suurmond.com\\\/fr\\\/polymer-handling\\\/\"]}]},{\"@type\":\"ImageObject\",\"inLanguage\":\"fr-FR\",\"@id\":\"https:\\\/\\\/www.suurmond.com\\\/fr\\\/polymer-handling\\\/#primaryimage\",\"url\":\"https:\\\/\\\/www.suurmond.com\\\/wp-content\\\/uploads\\\/2020\\\/02\\\/polyrex6.jpg\",\"contentUrl\":\"https:\\\/\\\/www.suurmond.com\\\/wp-content\\\/uploads\\\/2020\\\/02\\\/polyrex6.jpg\",\"width\":200,\"height\":200,\"caption\":\"MAAG polyrex polymer pump\"},{\"@type\":\"BreadcrumbList\",\"@id\":\"https:\\\/\\\/www.suurmond.com\\\/fr\\\/polymer-handling\\\/#breadcrumb\",\"itemListElement\":[{\"@type\":\"ListItem\",\"position\":1,\"name\":\"Home\",\"item\":\"https:\\\/\\\/www.suurmond.com\\\/fr\\\/\"},{\"@type\":\"ListItem\",\"position\":2,\"name\":\"Polymer Handling\"}]},{\"@type\":\"WebSite\",\"@id\":\"https:\\\/\\\/www.suurmond.com\\\/fr\\\/#website\",\"url\":\"https:\\\/\\\/www.suurmond.com\\\/fr\\\/\",\"name\":\"Suurmond\",\"description\":\"Engineered solutions\",\"potentialAction\":[{\"@type\":\"SearchAction\",\"target\":{\"@type\":\"EntryPoint\",\"urlTemplate\":\"https:\\\/\\\/www.suurmond.com\\\/fr\\\/?s={search_term_string}\"},\"query-input\":{\"@type\":\"PropertyValueSpecification\",\"valueRequired\":true,\"valueName\":\"search_term_string\"}}],\"inLanguage\":\"fr-FR\"}]}<\/script>\n<!-- \/ Yoast SEO plugin. -->","yoast_head_json":{"title":"Polym\u00e8re de qualit\u00e9 sup\u00e9rieure | Suurmond","description":"Nos solutions de traitement des polym\u00e8res comprennent des pompes \u00e0 engrenages, des syst\u00e8mes de filtration et bien plus encore pour les m\u00e9langes-ma\u00eetres, le compoundage, le recyclage, l'extrusion et la production de polym\u00e8res.","robots":{"index":"index","follow":"follow","max-snippet":"max-snippet:-1","max-image-preview":"max-image-preview:large","max-video-preview":"max-video-preview:-1"},"canonical":"https:\/\/www.suurmond.com\/fr\/polymer-handling\/","og_locale":"fr_FR","og_type":"article","og_title":"Polym\u00e8re de qualit\u00e9 sup\u00e9rieure | Suurmond","og_description":"Nos solutions de traitement des polym\u00e8res comprennent des pompes \u00e0 engrenages, des syst\u00e8mes de filtration et bien plus encore pour les m\u00e9langes-ma\u00eetres, le compoundage, le recyclage, l'extrusion et la production de polym\u00e8res.","og_url":"https:\/\/www.suurmond.com\/fr\/polymer-handling\/","og_site_name":"Suurmond","article_modified_time":"2025-06-03T11:28:55+00:00","og_image":[{"width":200,"height":200,"url":"https:\/\/www.suurmond.com\/wp-content\/uploads\/2020\/02\/polyrex6.jpg","type":"image\/jpeg"}],"twitter_card":"summary_large_image","twitter_misc":{"Dur\u00e9e de lecture estim\u00e9e":"1 minute"},"schema":{"@context":"https:\/\/schema.org","@graph":[{"@type":"WebPage","@id":"https:\/\/www.suurmond.com\/fr\/polymer-handling\/","url":"https:\/\/www.suurmond.com\/fr\/polymer-handling\/","name":"Polym\u00e8re de qualit\u00e9 sup\u00e9rieure | Suurmond","isPartOf":{"@id":"https:\/\/www.suurmond.com\/fr\/#website"},"primaryImageOfPage":{"@id":"https:\/\/www.suurmond.com\/fr\/polymer-handling\/#primaryimage"},"image":{"@id":"https:\/\/www.suurmond.com\/fr\/polymer-handling\/#primaryimage"},"thumbnailUrl":"https:\/\/www.suurmond.com\/wp-content\/uploads\/2020\/02\/polyrex6.jpg","datePublished":"2023-07-03T08:53:33+00:00","dateModified":"2025-06-03T11:28:55+00:00","description":"Nos solutions de traitement des polym\u00e8res comprennent des pompes \u00e0 engrenages, des syst\u00e8mes de filtration et bien plus encore pour les m\u00e9langes-ma\u00eetres, le compoundage, le recyclage, l'extrusion et la production de polym\u00e8res.","breadcrumb":{"@id":"https:\/\/www.suurmond.com\/fr\/polymer-handling\/#breadcrumb"},"inLanguage":"fr-FR","potentialAction":[{"@type":"ReadAction","target":["https:\/\/www.suurmond.com\/fr\/polymer-handling\/"]}]},{"@type":"ImageObject","inLanguage":"fr-FR","@id":"https:\/\/www.suurmond.com\/fr\/polymer-handling\/#primaryimage","url":"https:\/\/www.suurmond.com\/wp-content\/uploads\/2020\/02\/polyrex6.jpg","contentUrl":"https:\/\/www.suurmond.com\/wp-content\/uploads\/2020\/02\/polyrex6.jpg","width":200,"height":200,"caption":"MAAG polyrex polymer pump"},{"@type":"BreadcrumbList","@id":"https:\/\/www.suurmond.com\/fr\/polymer-handling\/#breadcrumb","itemListElement":[{"@type":"ListItem","position":1,"name":"Home","item":"https:\/\/www.suurmond.com\/fr\/"},{"@type":"ListItem","position":2,"name":"Polymer Handling"}]},{"@type":"WebSite","@id":"https:\/\/www.suurmond.com\/fr\/#website","url":"https:\/\/www.suurmond.com\/fr\/","name":"Suurmond","description":"Engineered solutions","potentialAction":[{"@type":"SearchAction","target":{"@type":"EntryPoint","urlTemplate":"https:\/\/www.suurmond.com\/fr\/?s={search_term_string}"},"query-input":{"@type":"PropertyValueSpecification","valueRequired":true,"valueName":"search_term_string"}}],"inLanguage":"fr-FR"}]}},"_links":{"self":[{"href":"https:\/\/www.suurmond.com\/fr\/wp-json\/wp\/v2\/pages\/23121","targetHints":{"allow":["GET"]}}],"collection":[{"href":"https:\/\/www.suurmond.com\/fr\/wp-json\/wp\/v2\/pages"}],"about":[{"href":"https:\/\/www.suurmond.com\/fr\/wp-json\/wp\/v2\/types\/page"}],"author":[{"embeddable":true,"href":"https:\/\/www.suurmond.com\/fr\/wp-json\/wp\/v2\/users\/1"}],"replies":[{"embeddable":true,"href":"https:\/\/www.suurmond.com\/fr\/wp-json\/wp\/v2\/comments?post=23121"}],"version-history":[{"count":5,"href":"https:\/\/www.suurmond.com\/fr\/wp-json\/wp\/v2\/pages\/23121\/revisions"}],"predecessor-version":[{"id":46056,"href":"https:\/\/www.suurmond.com\/fr\/wp-json\/wp\/v2\/pages\/23121\/revisions\/46056"}],"wp:featuredmedia":[{"embeddable":true,"href":"https:\/\/www.suurmond.com\/fr\/wp-json\/wp\/v2\/media\/713"}],"wp:attachment":[{"href":"https:\/\/www.suurmond.com\/fr\/wp-json\/wp\/v2\/media?parent=23121"}],"wp:term":[{"taxonomy":"gladior_regios","embeddable":true,"href":"https:\/\/www.suurmond.com\/fr\/wp-json\/wp\/v2\/gladior_regios?post=23121"}],"curies":[{"name":"wp","href":"https:\/\/api.w.org\/{rel}","templated":true}]}}