{"id":29204,"date":"2023-12-08T14:46:16","date_gmt":"2023-12-08T14:46:16","guid":{"rendered":"https:\/\/dev-suurmond.triplehosting.nl\/?page_id=29204"},"modified":"2025-05-19T14:07:23","modified_gmt":"2025-05-19T14:07:23","slug":"suurmond-50","status":"publish","type":"page","link":"https:\/\/www.suurmond.com\/fr\/suurmond-50\/","title":{"rendered":"Suurmond 50 ans"},"content":{"rendered":"","protected":false},"excerpt":{"rendered":"","protected":false},"author":2,"featured_media":28071,"parent":0,"menu_order":0,"comment_status":"closed","ping_status":"closed","template":"templates\/about-suurmond-template.php","meta":{"_acf_changed":false,"inline_featured_image":false,"footnotes":""},"gladior_regios":[1152,1153,1154,1155,1151,1156,1157],"class_list":["post-29204","page","type-page","status-publish","has-post-thumbnail","hentry","gladior_regios-belgium","gladior_regios-france","gladior_regios-ireland","gladior_regios-luxembourg","gladior_regios-other","gladior_regios-the-netherlands","gladior_regios-united-kingdom"],"acf":[],"yoast_head":"<!-- This site is optimized with the Yoast SEO plugin v27.4 - https:\/\/yoast.com\/product\/yoast-seo-wordpress\/ -->\n<title>Suurmond 50 ans | Suurmond<\/title>\n<meta name=\"description\" content=\"Cette ann\u00e9e, nous c\u00e9l\u00e9brons notre jubil\u00e9 d&#039;or avec fiert\u00e9 et gratitude. Depuis 50 ans, nous \u00e9laborons des solutions pour l&#039;industrie des processus.\" \/>\n<meta name=\"robots\" content=\"index, follow, max-snippet:-1, max-image-preview:large, max-video-preview:-1\" \/>\n<link rel=\"canonical\" href=\"https:\/\/www.suurmond.com\/fr\/suurmond-50\/\" \/>\n<meta property=\"og:locale\" content=\"fr_FR\" \/>\n<meta property=\"og:type\" content=\"article\" \/>\n<meta property=\"og:title\" content=\"Suurmond 50 ans | Suurmond\" \/>\n<meta property=\"og:description\" content=\"Cette ann\u00e9e, nous c\u00e9l\u00e9brons notre jubil\u00e9 d&#039;or avec fiert\u00e9 et gratitude. Depuis 50 ans, nous \u00e9laborons des solutions pour l&#039;industrie des processus.\" \/>\n<meta property=\"og:url\" content=\"https:\/\/www.suurmond.com\/fr\/suurmond-50\/\" \/>\n<meta property=\"og:site_name\" content=\"Suurmond\" \/>\n<meta property=\"article:modified_time\" content=\"2025-05-19T14:07:23+00:00\" \/>\n<meta property=\"og:image\" content=\"https:\/\/www.suurmond.com\/wp-content\/uploads\/2023\/07\/2311384-suurmond-com-jubileum-logo-DEF.png\" \/>\n\t<meta property=\"og:image:width\" content=\"5906\" \/>\n\t<meta property=\"og:image:height\" content=\"5906\" \/>\n\t<meta property=\"og:image:type\" content=\"image\/png\" \/>\n<meta name=\"twitter:card\" content=\"summary_large_image\" \/>\n<meta name=\"twitter:label1\" content=\"Dur\u00e9e de lecture estim\u00e9e\" \/>\n\t<meta name=\"twitter:data1\" content=\"1 minute\" \/>\n<script type=\"application\/ld+json\" class=\"yoast-schema-graph\">{\"@context\":\"https:\\\/\\\/schema.org\",\"@graph\":[{\"@type\":\"WebPage\",\"@id\":\"https:\\\/\\\/www.suurmond.com\\\/fr\\\/suurmond-50\\\/\",\"url\":\"https:\\\/\\\/www.suurmond.com\\\/fr\\\/suurmond-50\\\/\",\"name\":\"Suurmond 50 ans | Suurmond\",\"isPartOf\":{\"@id\":\"https:\\\/\\\/www.suurmond.com\\\/fr\\\/#website\"},\"primaryImageOfPage\":{\"@id\":\"https:\\\/\\\/www.suurmond.com\\\/fr\\\/suurmond-50\\\/#primaryimage\"},\"image\":{\"@id\":\"https:\\\/\\\/www.suurmond.com\\\/fr\\\/suurmond-50\\\/#primaryimage\"},\"thumbnailUrl\":\"https:\\\/\\\/www.suurmond.com\\\/wp-content\\\/uploads\\\/2023\\\/07\\\/2311384-suurmond-com-jubileum-logo-DEF.png\",\"datePublished\":\"2023-12-08T14:46:16+00:00\",\"dateModified\":\"2025-05-19T14:07:23+00:00\",\"description\":\"Cette ann\u00e9e, nous c\u00e9l\u00e9brons notre jubil\u00e9 d'or avec fiert\u00e9 et gratitude. Depuis 50 ans, nous \u00e9laborons des solutions pour l'industrie des processus.\",\"breadcrumb\":{\"@id\":\"https:\\\/\\\/www.suurmond.com\\\/fr\\\/suurmond-50\\\/#breadcrumb\"},\"inLanguage\":\"fr-FR\",\"potentialAction\":[{\"@type\":\"ReadAction\",\"target\":[\"https:\\\/\\\/www.suurmond.com\\\/fr\\\/suurmond-50\\\/\"]}]},{\"@type\":\"ImageObject\",\"inLanguage\":\"fr-FR\",\"@id\":\"https:\\\/\\\/www.suurmond.com\\\/fr\\\/suurmond-50\\\/#primaryimage\",\"url\":\"https:\\\/\\\/www.suurmond.com\\\/wp-content\\\/uploads\\\/2023\\\/07\\\/2311384-suurmond-com-jubileum-logo-DEF.png\",\"contentUrl\":\"https:\\\/\\\/www.suurmond.com\\\/wp-content\\\/uploads\\\/2023\\\/07\\\/2311384-suurmond-com-jubileum-logo-DEF.png\",\"width\":5906,\"height\":5906,\"caption\":\"suurmond-com jubileum logo\"},{\"@type\":\"BreadcrumbList\",\"@id\":\"https:\\\/\\\/www.suurmond.com\\\/fr\\\/suurmond-50\\\/#breadcrumb\",\"itemListElement\":[{\"@type\":\"ListItem\",\"position\":1,\"name\":\"Home\",\"item\":\"https:\\\/\\\/www.suurmond.com\\\/fr\\\/\"},{\"@type\":\"ListItem\",\"position\":2,\"name\":\"Suurmond 50 ans\"}]},{\"@type\":\"WebSite\",\"@id\":\"https:\\\/\\\/www.suurmond.com\\\/fr\\\/#website\",\"url\":\"https:\\\/\\\/www.suurmond.com\\\/fr\\\/\",\"name\":\"Suurmond\",\"description\":\"Engineered solutions\",\"potentialAction\":[{\"@type\":\"SearchAction\",\"target\":{\"@type\":\"EntryPoint\",\"urlTemplate\":\"https:\\\/\\\/www.suurmond.com\\\/fr\\\/?s={search_term_string}\"},\"query-input\":{\"@type\":\"PropertyValueSpecification\",\"valueRequired\":true,\"valueName\":\"search_term_string\"}}],\"inLanguage\":\"fr-FR\"}]}<\/script>\n<!-- \/ Yoast SEO plugin. -->","yoast_head_json":{"title":"Suurmond 50 ans | Suurmond","description":"Cette ann\u00e9e, nous c\u00e9l\u00e9brons notre jubil\u00e9 d'or avec fiert\u00e9 et gratitude. Depuis 50 ans, nous \u00e9laborons des solutions pour l'industrie des processus.","robots":{"index":"index","follow":"follow","max-snippet":"max-snippet:-1","max-image-preview":"max-image-preview:large","max-video-preview":"max-video-preview:-1"},"canonical":"https:\/\/www.suurmond.com\/fr\/suurmond-50\/","og_locale":"fr_FR","og_type":"article","og_title":"Suurmond 50 ans | Suurmond","og_description":"Cette ann\u00e9e, nous c\u00e9l\u00e9brons notre jubil\u00e9 d'or avec fiert\u00e9 et gratitude. Depuis 50 ans, nous \u00e9laborons des solutions pour l'industrie des processus.","og_url":"https:\/\/www.suurmond.com\/fr\/suurmond-50\/","og_site_name":"Suurmond","article_modified_time":"2025-05-19T14:07:23+00:00","og_image":[{"width":5906,"height":5906,"url":"https:\/\/www.suurmond.com\/wp-content\/uploads\/2023\/07\/2311384-suurmond-com-jubileum-logo-DEF.png","type":"image\/png"}],"twitter_card":"summary_large_image","twitter_misc":{"Dur\u00e9e de lecture estim\u00e9e":"1 minute"},"schema":{"@context":"https:\/\/schema.org","@graph":[{"@type":"WebPage","@id":"https:\/\/www.suurmond.com\/fr\/suurmond-50\/","url":"https:\/\/www.suurmond.com\/fr\/suurmond-50\/","name":"Suurmond 50 ans | Suurmond","isPartOf":{"@id":"https:\/\/www.suurmond.com\/fr\/#website"},"primaryImageOfPage":{"@id":"https:\/\/www.suurmond.com\/fr\/suurmond-50\/#primaryimage"},"image":{"@id":"https:\/\/www.suurmond.com\/fr\/suurmond-50\/#primaryimage"},"thumbnailUrl":"https:\/\/www.suurmond.com\/wp-content\/uploads\/2023\/07\/2311384-suurmond-com-jubileum-logo-DEF.png","datePublished":"2023-12-08T14:46:16+00:00","dateModified":"2025-05-19T14:07:23+00:00","description":"Cette ann\u00e9e, nous c\u00e9l\u00e9brons notre jubil\u00e9 d'or avec fiert\u00e9 et gratitude. Depuis 50 ans, nous \u00e9laborons des solutions pour l'industrie des processus.","breadcrumb":{"@id":"https:\/\/www.suurmond.com\/fr\/suurmond-50\/#breadcrumb"},"inLanguage":"fr-FR","potentialAction":[{"@type":"ReadAction","target":["https:\/\/www.suurmond.com\/fr\/suurmond-50\/"]}]},{"@type":"ImageObject","inLanguage":"fr-FR","@id":"https:\/\/www.suurmond.com\/fr\/suurmond-50\/#primaryimage","url":"https:\/\/www.suurmond.com\/wp-content\/uploads\/2023\/07\/2311384-suurmond-com-jubileum-logo-DEF.png","contentUrl":"https:\/\/www.suurmond.com\/wp-content\/uploads\/2023\/07\/2311384-suurmond-com-jubileum-logo-DEF.png","width":5906,"height":5906,"caption":"suurmond-com jubileum logo"},{"@type":"BreadcrumbList","@id":"https:\/\/www.suurmond.com\/fr\/suurmond-50\/#breadcrumb","itemListElement":[{"@type":"ListItem","position":1,"name":"Home","item":"https:\/\/www.suurmond.com\/fr\/"},{"@type":"ListItem","position":2,"name":"Suurmond 50 ans"}]},{"@type":"WebSite","@id":"https:\/\/www.suurmond.com\/fr\/#website","url":"https:\/\/www.suurmond.com\/fr\/","name":"Suurmond","description":"Engineered solutions","potentialAction":[{"@type":"SearchAction","target":{"@type":"EntryPoint","urlTemplate":"https:\/\/www.suurmond.com\/fr\/?s={search_term_string}"},"query-input":{"@type":"PropertyValueSpecification","valueRequired":true,"valueName":"search_term_string"}}],"inLanguage":"fr-FR"}]}},"_links":{"self":[{"href":"https:\/\/www.suurmond.com\/fr\/wp-json\/wp\/v2\/pages\/29204","targetHints":{"allow":["GET"]}}],"collection":[{"href":"https:\/\/www.suurmond.com\/fr\/wp-json\/wp\/v2\/pages"}],"about":[{"href":"https:\/\/www.suurmond.com\/fr\/wp-json\/wp\/v2\/types\/page"}],"author":[{"embeddable":true,"href":"https:\/\/www.suurmond.com\/fr\/wp-json\/wp\/v2\/users\/2"}],"replies":[{"embeddable":true,"href":"https:\/\/www.suurmond.com\/fr\/wp-json\/wp\/v2\/comments?post=29204"}],"version-history":[{"count":32,"href":"https:\/\/www.suurmond.com\/fr\/wp-json\/wp\/v2\/pages\/29204\/revisions"}],"predecessor-version":[{"id":41383,"href":"https:\/\/www.suurmond.com\/fr\/wp-json\/wp\/v2\/pages\/29204\/revisions\/41383"}],"wp:featuredmedia":[{"embeddable":true,"href":"https:\/\/www.suurmond.com\/fr\/wp-json\/wp\/v2\/media\/28071"}],"wp:attachment":[{"href":"https:\/\/www.suurmond.com\/fr\/wp-json\/wp\/v2\/media?parent=29204"}],"wp:term":[{"taxonomy":"gladior_regios","embeddable":true,"href":"https:\/\/www.suurmond.com\/fr\/wp-json\/wp\/v2\/gladior_regios?post=29204"}],"curies":[{"name":"wp","href":"https:\/\/api.w.org\/{rel}","templated":true}]}}